{"id":15454,"date":"2022-08-31T20:08:26","date_gmt":"2022-08-31T18:08:26","guid":{"rendered":"https:\/\/princess.65inches.com\/allgemeine-verkaufsbedingungen\/"},"modified":"2024-01-30T14:25:47","modified_gmt":"2024-01-30T12:25:47","slug":"allgemeine-verkaufsbedingungen","status":"publish","type":"page","link":"https:\/\/princess.lu\/de\/allgemeine-verkaufsbedingungen\/","title":{"rendered":"Allgemeine Bedingungen"},"content":{"rendered":"<p class=\"p1\"><span class=\"s1\"><b>Absatz 1 &#8211; Annahme der Verkaufsbedingungen<\/b><\/span><\/p>\n\n\n<p>Jede Bestellung impliziert die vorbehaltlose Annahme, durch den Kunden, der nachstehend aufgef\u00fchrten allgemeinen Bedingungen und der dazugeh\u00f6rigen besonderen Bedingungen unserer Auftragsbest\u00e4tigungen.<\/p>\n\n\n<p class=\"p1\"><span class=\"s1\"><b>Absatz 2 &#8211; Angebote und Kostenvoranschl\u00e4ge<\/b><\/span><\/p>\n\n\n<p>Unsere Angebote und Kostenvoranschl\u00e4ge gelten einen Monat, ab Datumerstellung.<\/p>\n\n\n<p class=\"p1\"><span class=\"s1\"><b>Absatz 3 &#8211; Auftragserteilung<\/b><\/span><\/p>\n\n\n<p>Auftr\u00e4ge k\u00f6nnen nur durch Unterzeichnung der Auftragsbest\u00e4tigung durch den Kunden ausgef\u00fchrt werden.<\/p>\n\n\n\n<p>Die Stornierung eines Auftrags, vor Beginn der Ausf\u00fchrung der Arbeiten, f\u00fchrt automatisch zur Zahlung einer Entsch\u00e4digung. Besagte Entsch\u00e4digung richtet sich nach dem Verlust, der durch die Vertragsaufl\u00f6sung entstanden ist.<\/p>\n\n\n<p class=\"p1\"><span class=\"s1\"><b>Absatz 4 &#8211; Tarife<\/b><\/span><\/p>\n\n\n<p>Die geleisteten Stunden werden zu dem, zum Zeitpunkt der Unterzeichnung der Auftragsbest\u00e4tigung, geltenden Stundensatz in Rechnung gestellt.<\/p>\n\n\n<p class=\"p1\"><span class=\"s1\"><b>Absatz 5 &#8211; Rechnungen und Zahlungsbedingungen<\/b><\/span><\/p>\n\n\n<p>Abschlagsrechnungen erfolgen unter Ber\u00fccksichtigung der Projektfortschritte und werden dem Kunden w\u00f6chentlich \u00fcbermittelt.<\/p>\n\n\n\n<p>All unsere Rechnungen sind zahlbar, innerhalb von 14 Tagen nach Rechnungsdatum, Netto und ohne Abzug.<\/p>\n\n\n<p class=\"p1\"><span class=\"s1\"><b>Absatz 6 &#8211; Zahlungsverzug<\/b><\/span><\/p>\n\n<p class=\"p1\"><span class=\"s1\">Bei Nichtzahlung am F\u00e4lligkeitstag werden, von Rechts wegen und ohne vorherige Mahnung, Verzugszinsen in H\u00f6he von 1% pro Monat f\u00e4llig. Als Schadensersatz wird der ausstehende Betrag um 15% erh\u00f6ht, mit einem Mindestbetrag von 50\u20ac. Die Kosten f\u00fcr die Eintreibung der Forderung werden, gem\u00e4\u00df den gesetzlichen Bestimmungen, zus\u00e4tzlich in Rechnung gestellt.<\/span><\/p>\n\n\n<p><\/p>\n\n\n<p class=\"p1\"><span class=\"s1\"><b>Absatz 7 &#8211; Eigentumsvorbehalt<\/b><\/span><\/p>\n\n\n<p>Alle von PRINCESS gelieferten Arbeiten bleiben, bis zur vollst\u00e4ndigen Zahlung der Rechnungen durch den Kunden, ihr Eigentum. Besagte Arbeiten k\u00f6nnen, im Falle der Nichtzahlung, vom Kunden oder von Drittpersonen zur\u00fcckgefordert werden.<\/p>\n\n\n<p class=\"p1\"><span class=\"s1\"><b>Absatz 8 &#8211; Reklamationen<\/b><\/span><\/p>\n\n\n<p>Jede Beschwerde \u00fcber die erbrachten Dienstleistungen muss uns, innerhalb von f\u00fcnf Tagen nach Erhalt, per Einschreiben zugehen. Jede Reklamation bez\u00fcglich unserer Rechnungen muss uns, innerhalb von 10 Tagen nach Erhalt, per Einschreiben zugehen. Andernfalls gelten sie als vorbehaltlos angenommen. Eine Reklamation kann in keinem Fall einen Zahlungsaufschub oder eine Zahlungsverweigerung rechtfertigen.<\/p>\n\n\n<p class=\"p1\"><span class=\"s1\"><b>Absatz 9 &#8211; Gerichtsstand<\/b><\/span><\/p>\n\n\n<p>Jedwede aus den vorliegenden Verkaufsbedingungen, und insbesondere aus der Auslegung oder Erf\u00fcllung, m\u00f6glicherweise entstehenden und nicht g\u00fctlich beizulegenden Rechtsstreitigkeiten fallen unter die ausschlie\u00dfliche Zust\u00e4ndigkeit der Gerichte des Gro\u00dfherzogtums Luxemburg.<\/p>\n","protected":false},"excerpt":{"rendered":"<p>Absatz 1 &#8211; Annahme der Verkaufsbedingungen Jede Bestellung impliziert die vorbehaltlose Annahme, durch den Kunden, der nachstehend aufgef\u00fchrten allgemeinen Bedingungen und der dazugeh\u00f6rigen besonderen Bedingungen unserer Auftragsbest\u00e4tigungen. Absatz 2 &#8211; Angebote und Kostenvoranschl\u00e4ge Unsere Angebote und Kostenvoranschl\u00e4ge gelten einen Monat, ab Datumerstellung. Absatz 3 &#8211; Auftragserteilung Auftr\u00e4ge k\u00f6nnen nur durch Unterzeichnung der Auftragsbest\u00e4tigung durch den [&hellip;]<\/p>\n","protected":false},"author":1,"featured_media":0,"parent":0,"menu_order":0,"comment_status":"closed","ping_status":"closed","template":"","meta":{"om_disable_all_campaigns":false,"_uf_show_specific_survey":0,"_uf_disable_surveys":false,"footnotes":""},"class_list":["post-15454","page","type-page","status-publish","hentry"],"aioseo_notices":[],"_links":{"self":[{"href":"https:\/\/princess.lu\/de\/wp-json\/wp\/v2\/pages\/15454","targetHints":{"allow":["GET"]}}],"collection":[{"href":"https:\/\/princess.lu\/de\/wp-json\/wp\/v2\/pages"}],"about":[{"href":"https:\/\/princess.lu\/de\/wp-json\/wp\/v2\/types\/page"}],"author":[{"embeddable":true,"href":"https:\/\/princess.lu\/de\/wp-json\/wp\/v2\/users\/1"}],"replies":[{"embeddable":true,"href":"https:\/\/princess.lu\/de\/wp-json\/wp\/v2\/comments?post=15454"}],"version-history":[{"count":4,"href":"https:\/\/princess.lu\/de\/wp-json\/wp\/v2\/pages\/15454\/revisions"}],"predecessor-version":[{"id":17728,"href":"https:\/\/princess.lu\/de\/wp-json\/wp\/v2\/pages\/15454\/revisions\/17728"}],"wp:attachment":[{"href":"https:\/\/princess.lu\/de\/wp-json\/wp\/v2\/media?parent=15454"}],"curies":[{"name":"wp","href":"https:\/\/api.w.org\/{rel}","templated":true}]}}