{"id":16807,"date":"2023-09-27T17:12:35","date_gmt":"2023-09-27T15:12:35","guid":{"rendered":"https:\/\/princess.lu\/datenschutzrichtlinie\/"},"modified":"2023-09-28T16:33:08","modified_gmt":"2023-09-28T14:33:08","slug":"datenschutzrichtlinie","status":"publish","type":"page","link":"https:\/\/princess.lu\/de\/datenschutzrichtlinie\/","title":{"rendered":"Datenschutzrichtlinie"},"content":{"rendered":"\n<p style=\"font-size:22px\"><b>Eigent\u00fcmer der Website <\/b><\/p>\n\n\n\n<p>PRINCESS home &amp; style S.\u00e0 r.l. <\/p>\n\n\n\n<p>Jules Finck <\/p>\n\n\n\n<p>2, Op Tomm <\/p>\n\n\n\n<p>L-9946 Binsfeld <\/p>\n\n\n\n<p>Gro\u00dfherzogtum Luxembourg  <\/p>\n\n\n\n<p><a href=\"mailto:info@princess.lu\" target=\"_blank\" rel=\"noreferrer noopener\">info@princess.lu<\/a> &#8211; +352-99.72.90 <\/p>\n\n\n\n<p>MwSt.-Nr.: LU 26 53 36 27 <\/p>\n\n\n\n<p style=\"font-size:22px\"><b><strong>Copyright &amp; Warenzeichen <\/strong><\/b><\/p>\n\n\n\n<p>Website: \u00a9 2022 PRINCESS home &amp; style, alle Rechte vorbehalten. <\/p>\n\n\n\n<p>Fotos &amp; Illustrationen: \u00a9 PRINCESS home &amp; style. <\/p>\n\n\n\n<p>Alle Texte, Bilder und\/oder andere Inhalte sind urheberrechtlich gesch\u00fctzt. Jegliche Vervielf\u00e4ltigung oder Weiterverbreitung ohne vorherige schriftliche Zustimmung ist untersagt. <\/p>\n\n\n\n<p style=\"font-size:22px\"><b><strong>Nutzungsbedingungen <\/strong><\/b><\/p>\n\n\n\n<p><b>Bedingungen f\u00fcr den Zugang zur Website <\/b><\/p>\n\n\n\n<p>Jede Person (im Folgenden als \u201eNutzer\u201c bezeichnet), die diese Website besucht, erkl\u00e4rt sich vorbehaltlos mit allen Bestimmungen und Nutzungsbedingungen des Eigent\u00fcmers der Website (im Folgenden als \u201eHerausgeber\u201c bezeichnet) einverstanden. Die Website ist jederzeit und weltweit zug\u00e4nglich. Der Nutzer, der auf die Website zugreift, tr\u00e4gt die alleinige Verantwortung f\u00fcr die Einhaltung der Gesetze und Vorschriften, die in dem Land gelten, in dem er seinen Wohnsitz hat oder von dem aus er auf die Website zugreift. <\/p>\n\n\n\n<p><b>\u00c4nderungen dieser Nutzungsbedingungen und\/oder der&nbsp;Datenschutzbestimmungen <\/b><\/p>\n\n\n\n<p>Die vorliegenden Nutzungsbedingungen und\/oder Datenschutzrichtlinien k\u00f6nnen vom Herausgeber jederzeit ge\u00e4ndert und\/oder erg\u00e4nzt werden, unter anderem aufgrund von Gesetzes\u00e4nderungen, der Entwicklung neuer Dienste oder einer \u00c4nderung der Art und Weise, wie personenbezogene Daten verarbeitet werden. <\/p>\n\n\n\n<p>F\u00fcr jede Nutzung der Website gelten die Nutzungsbedingungen, die zum Zeitpunkt des Zugriffs durch den Nutzer auf der Website ver\u00f6ffentlicht sind. Die Nichtigkeit oder Ung\u00fcltigkeit einer Bestimmung dieser Nutzungsbedingungen hat keine Auswirkungen auf die \u00fcbrigen Bestimmungen dieser Nutzungsbedingungen.<\/p>\n\n\n\n<p><b>Haftungsausschluss <\/b><\/p>\n\n\n\n<p>Der Herausgeber \u00fcbernimmt keine Verantwortung f\u00fcr die Inhalte von Websites Dritter und\/oder von Seiten in sozialen Netzwerken, auf die diese Website \u00fcber Hyperlinks verweist und\/oder von denen sie Hyperlinks erh\u00e4lt. <\/p>\n\n\n\n<p>Des Weiteren \u00fcbernimmt der Herausgeber keine Verantwortung und schlie\u00dft jegliche  Gew\u00e4hrleistungsanspr\u00fcche im Falle eines Ausfalls und\/oder einer Funktionsst\u00f6rung der Website aus. Der Herausgeber haftet auch nicht f\u00fcr Sch\u00e4den, die dem Nutzer direkt und\/oder indirekt durch den Zugriff auf die Website oder deren Benutzung entstehen. <\/p>\n\n\n\n<p style=\"font-size:22px\"><strong><b>Datenschutz &amp; Privatsph\u00e4re&nbsp;<\/b> <\/strong><\/p>\n\n\n\n<p><b>Datensicherheit <\/b><\/p>\n\n\n\n<p>Der Herausgeber verwendet eine Reihe von technischen Sicherheitsma\u00dfnahmen (Firewalls,  Verschl\u00fcsselung, Antivirensoftware, usw.), um die pers\u00f6nlichen Daten der Nutzer zu sch\u00fctzen. So verwendet der Herausgeber beispielsweise die Verschl\u00fcsselungstechnologie Security Sockets Layer (SSL), um pers\u00f6nliche Informationen zu verschl\u00fcsseln, bevor sie \u00fcber das Internet gesendet werden. <\/p>\n\n\n\n<p>Der Herausgeber befolgt auch allgemein anerkannte Verfahren zum Schutz der \u00fcbermittelten  Nutzerdaten, sowohl bei der \u00dcbertragung als auch bei der Speicherung. Dennoch ist kein Verfahren zur Online-Daten\u00fcbertragung oder -speicherung hundertprozentig sicher. Aus diesem Grund kann der Herausgeber keine absolute Sicherheit garantieren. <\/p>\n\n\n\n<p>Aus Gr\u00fcnden der technischen Datensicherheit kann der Herausgeber personenbezogene Daten auf Systemen speichern, auf die der Herausgeber keinen direkten Zugriff hat (z.B. auf Servern von Rechenzentren, Hosting-Partnern oder auf Backup-Servern). Unsere Website wird in einem Datenzentrum in Frankreich gehostet. <\/p>\n\n\n\n<p><b>Verarbeitung personenbezogener Daten <\/b><\/p>\n\n\n\n<p>Personenbezogene Daten d\u00fcrfen nur unter Beachtung der datenschutzrechtlichen Bestimmungen erhoben und verarbeitet werden. <\/p>\n\n\n\n<p>In bestimmten F\u00e4llen, insbesondere wenn der Nutzer ein Formular auf der Website ausf\u00fcllt und absendet, ist es m\u00f6glich, dass bestimmte personenbezogene Daten auf dem Server gespeichert werden. Der Herausgeber verarbeitet die vom Nutzer \u00fcbermittelten Daten ausschlie\u00dflich zum Zwecke der Bearbeitung seiner Anfrage und der weiteren Kommunikation, die sich aus einer eventuellen Gesch\u00e4ftsbeziehung zwischen dem Herausgeber und dem Nutzer ergibt.  <\/p>\n\n\n\n<p>Die Angaben des Nutzers werden als vertraulich betrachtet und entsprechend behandelt. Sie  werden daher niemals ohne vorherige Zustimmung des Nutzers verkauft oder an Dritte weitergegeben.<\/p>\n\n\n\n<p>Vorbehaltlich der Bestimmungen des Artikels 17 der Datenschutzverordnung und der Einhaltung der gesetzlichen Bestimmungen, denen der Herausgeber unterliegt, hat der Nutzer das Recht, jederzeit auf seine personenbezogenen Daten zuzugreifen, sie zu berichtigen, zu aktualisieren und\/oder ihre L\u00f6schung zu verlangen, indem er einen schriftlichen, datierten und unterzeichneten Antrag zusammen mit einer Kopie seines Personalausweises an folgende Adresse sendet: <a href=\"mailto:info@princess.lu\" target=\"_blank\" rel=\"noreferrer noopener\">info@princess.lu<\/a>. <\/p>\n\n\n\n<p style=\"font-size:22px\"><b><strong>Verwendung und Verwaltung von Cookies <\/strong><\/b><\/p>\n\n\n\n<p>Wie die meisten Websites verwendet auch unsere Website Cookies. Unsere Cookies erm\u00f6glichen es uns, den Inhalt unserer Website zu personalisieren, indem wir den Verkehr auf unserer Website auf der Grundlage der Nutzungsgewohnheiten und Pr\u00e4ferenzen der Nutzer analysieren.  <\/p>\n\n\n\n<p>Ein Cookie ist eine kleine Datei, die beim Zugriff auf bestimmte Websites auf den Browser des Nutzers heruntergeladen wird. Mit Hilfe von Cookies kann eine Website die Pr\u00e4ferenzen des Nutzers erkennen. Dies kann dem Herausgeber helfen, dem Nutzer ein benutzerfreundlicheres Surferlebnis zu bieten. Cookies erm\u00f6glichen es beispielsweise, die Sprachpr\u00e4ferenzen des Nutzers zu speichern, so dass er sie nicht bei jedem Besuch der Website erneut eingeben muss. Jedes Cookie enth\u00e4lt in der Regel: den Namen des Servers, der das Cookie gesendet hat; die Lebensdauer des Cookies; einen Wert &#8211; normalerweise eine  zuf\u00e4llig generierte, eindeutige Zahl. (Der Server der Website, die das Cookie gesendet hat, verwendet diese Nummer, um Sie wiederzuerkennen, wenn Sie auf unsere Website zur\u00fcckkehren oder von einer Seite zur anderen navigieren). <\/p>\n\n\n\n<p>Sie k\u00f6nnen alle bereits auf Ihrem Computer gespeicherten Cookies l\u00f6schen und die meisten Browser so einstellen, dass sie Cookies blockieren. In diesem Fall m\u00fcssen Sie jedoch unter Umst\u00e4nden bei jedem Besuch einer Website bestimmte Einstellungen vornehmen, und einige Dienste und Funktionen stehen Ihnen m\u00f6glicherweise nicht zur Verf\u00fcgung. <\/p>\n\n\n\n<p><b>Notwendige Cookies <\/b><\/p>\n\n\n\n<p>Cookies sind f\u00fcr das Funktionieren der Website unbedingt erforderlich. Sie gew\u00e4hrleisten die  Grundfunktionen und Sicherheitsfunktionen der Website. Diese Cookies speichern keine pers\u00f6nlichen Daten des Nutzers. <\/p>\n\n\n\n<p><b>Cookies zur Webanalyse <\/b><\/p>\n\n\n\n<p>Diese Cookies werden verwendet, um Statistiken \u00fcber die Besucher der Website zu verfolgen. <\/p>\n\n\n\n<p>Diese Website verwendet Google Analytics, einen Webanalysedienst der Google Inc. (\u201eGoogle\u201c). Google Analytics verwendet Cookies, um dem Herausgeber eine Analyse der Benutzung seiner Website durch die Nutzer zu erm\u00f6glichen. Die, durch den Cookie, erzeugten Informationen \u00fcber die Benutzung dieser Website (einschlie\u00dflich der IP-Adresse des Nutzers, welche allerdings durch das Verfahren <a href=\"https:\/\/support.google.com\/analytics\/answer\/2763052?hl=de\" data-type=\"URL\" data-id=\"https:\/\/support.google.com\/analytics\/answer\/2763052?hl=de\" target=\"_blank\" rel=\"noreferrer noopener\">\u201canonymizeIp()\u201d<\/a> gek\u00fcrzt wird) werden an einen Server von Google in den USA \u00fcbertragen und dort gespeichert.<\/p>\n\n\n\n<p>Google wird diese Informationen benutzen, um Ihre Nutzung der Website auszuwerten, um  Reports \u00fcber die Websiteaktivit\u00e4ten f\u00fcr die Websitebetreiber zusammenzustellen und, um  weitere mit der Websitenutzung und der Internetnutzung verbundene Dienstleistungen zu erbringen. <\/p>\n\n\n\n<p>Auch wird Google diese Informationen gegebenenfalls an Dritte \u00fcbertragen, sofern dies gesetzlich vorgeschrieben oder, soweit Dritte diese Daten im Auftrag von Google verarbeiten. Google wird in keinem Fall Ihre IP-Adresse mit anderen Daten von Google in Verbindung bringen. <\/p>\n\n\n\n<p>Durch die Nutzung dieser Website erkl\u00e4rt sich der Nutzer mit der Bearbeitung der \u00fcber ihn erhobenen Daten durch Google in der zuvor beschriebenen Art und Weise und zu dem zuvor benannten Zweck einverstanden. Sollte dies nicht der Fall sein, muss der Nutzer die Cookie Einstellungen seines Browsers wie nachfolgend beschrieben \u00e4ndern. <\/p>\n\n\n\n<p><b>Verwendung von Google Maps <\/b><\/p>\n\n\n\n<p>Auf dieser Website kann die Google Maps API, ein Kartendienst der Google Inc. (\u201eGoogle\u201c), verwendet werden. Dieser wird ben\u00f6tigt, um geografische Informationen in Form von Karten oder virtuellen Rundg\u00e4ngen \u00fcber den Standort des Herausgebers visuell darzustellen. Durch die Einbindung von Google Maps werden Daten \u00fcber das Nutzerverhalten gesammelt, in Cookies gespeichert und an Google \u00fcbermittelt. Weitere Informationen zur Datenverarbeitung durch Google k\u00f6nnen der <a href=\"https:\/\/policies.google.com\/privacy?hl=de\" data-type=\"URL\" data-id=\"https:\/\/policies.google.com\/privacy?hl=de\" target=\"_blank\" rel=\"noreferrer noopener\">Datenschutzerkl\u00e4rung von Google<\/a> entnommen werden. An dieser Stelle kann der Nutzer seine pers\u00f6nlichen Datenschutzeinstellungen f\u00fcr Google-Dienste anpassen. <\/p>\n\n\n\n<p><b>Eingebettete Meta Plugins <\/b><\/p>\n\n\n\n<p>Diese Website verwendet Meta-Plugins, einen Service des sozialen Netzwerks Meta Platforms, Inc. (im Folgenden \u201cMeta\u201d). <\/p>\n\n\n\n<p>Besucht der Nutzer eine Seite mit integriertem Meta-Plugin (Newsfeed, Like-Button, Share Button, Kommentare, &#8230;), wird dieses Plugin von den Meta-Servern geladen, wodurch automatisch Informationen \u00fcber den Nutzer an Meta \u00fcbermittelt werden (IP-Adresse, Adresse der besuchten Seite sowie Datum und Uhrzeit des Besuchs). <\/p>\n\n\n\n<p>Wurde der Browser des Nutzers zuvor durch eine Anmeldung des Nutzerkontos bei Meta authentifiziert, kann Meta den betreffenden Nutzer identifizieren und seinen Besuch auf der Website des Herausgebers mit den Daten des Meta-Nutzers verkn\u00fcpfen. Dar\u00fcber hinaus sammelt Meta Daten \u00fcber die Nutzung und Interaktion mit ihren Plugins und kann diese Informationen im pers\u00f6nlichen Profil des Meta-Nutzers ver\u00f6ffentlichen.<\/p>\n\n\n\n<p>Der Nutzer kann dieses Verhalten von Meta umgehen, indem er sich vor dem Besuch dieser Website in seinem Browser bei Meta abmeldet oder ein Browser-Plugin installiert, das jegliche Datenspeicherung durch Meta verhindert. <\/p>\n\n\n\n<p>Weitere Informationen \u00fcber die Datenschutzbestimmungen von Meta und die M\u00f6glichkeiten, sich der Datenspeicherung durch Meta zu widersetzen, finden Sie unter  <a href=\"https:\/\/www.facebook.com\/policy.php\" target=\"_blank\" rel=\"noreferrer noopener\">https:\/\/www.facebook.com\/policy.php<\/a>. <\/p>\n\n\n\n<p><b>Cookie-Einstellungen <\/b><\/p>\n\n\n\n<p>Da die Funktionalit\u00e4t dieser Website ohne den Einsatz von Cookies nicht gew\u00e4hrleistet werden kann, bittet der Herausgeber dieser Website diejenigen Nutzerinnen und Nutzer, die mit dem Einsatz von Cookies nicht einverstanden sind, die Website unverz\u00fcglich zu verlassen und die  Browser-Sitzung zu beenden. <\/p>\n\n\n\n<p>Sie k\u00f6nnen die Installation der Cookies durch eine entsprechende Einstellung Ihrer Browser Software verhindern; wir weisen Sie jedoch darauf hin, dass Sie in diesem Fall gegebenenfalls nicht s\u00e4mtliche Funktionen dieser Website voll umf\u00e4nglich nutzen k\u00f6nnen. Wie Sie die Installation der Cookies durch eine entsprechende Einstellung Ihrer Browser Software verhindern k\u00f6nnen, entnehmen Sie bitte der Anleitung Ihres Browser Herstellers.<\/p>\n","protected":false},"excerpt":{"rendered":"<p>Eigent\u00fcmer der Website PRINCESS home &amp; style S.\u00e0 r.l. Jules Finck 2, Op Tomm L-9946 Binsfeld Gro\u00dfherzogtum Luxembourg info@princess.lu &#8211; +352-99.72.90 MwSt.-Nr.: LU 26 53 36 27 Copyright &amp; Warenzeichen Website: \u00a9 2022 PRINCESS home &amp; style, alle Rechte vorbehalten. Fotos &amp; Illustrationen: \u00a9 PRINCESS home &amp; style. Alle Texte, Bilder und\/oder andere Inhalte sind [&hellip;]<\/p>\n","protected":false},"author":3,"featured_media":0,"parent":0,"menu_order":0,"comment_status":"closed","ping_status":"closed","template":"","meta":{"om_disable_all_campaigns":false,"_uf_show_specific_survey":0,"_uf_disable_surveys":false,"footnotes":""},"class_list":["post-16807","page","type-page","status-publish","hentry"],"aioseo_notices":[],"_links":{"self":[{"href":"https:\/\/princess.lu\/de\/wp-json\/wp\/v2\/pages\/16807","targetHints":{"allow":["GET"]}}],"collection":[{"href":"https:\/\/princess.lu\/de\/wp-json\/wp\/v2\/pages"}],"about":[{"href":"https:\/\/princess.lu\/de\/wp-json\/wp\/v2\/types\/page"}],"author":[{"embeddable":true,"href":"https:\/\/princess.lu\/de\/wp-json\/wp\/v2\/users\/3"}],"replies":[{"embeddable":true,"href":"https:\/\/princess.lu\/de\/wp-json\/wp\/v2\/comments?post=16807"}],"version-history":[{"count":5,"href":"https:\/\/princess.lu\/de\/wp-json\/wp\/v2\/pages\/16807\/revisions"}],"predecessor-version":[{"id":16873,"href":"https:\/\/princess.lu\/de\/wp-json\/wp\/v2\/pages\/16807\/revisions\/16873"}],"wp:attachment":[{"href":"https:\/\/princess.lu\/de\/wp-json\/wp\/v2\/media?parent=16807"}],"curies":[{"name":"wp","href":"https:\/\/api.w.org\/{rel}","templated":true}]}}